{"id":7947,"date":"2025-04-03T06:36:58","date_gmt":"2025-04-03T04:36:58","guid":{"rendered":"https:\/\/www.wir-machen-schule.digital\/0\/mgs\/?page_id=7947"},"modified":"2025-10-08T16:20:18","modified_gmt":"2025-10-08T14:20:18","slug":"abcdarium","status":"publish","type":"page","link":"https:\/\/www.wir-machen-schule.digital\/0\/mgs\/abcdarium\/","title":{"rendered":"ABCDarium"},"content":{"rendered":"\t\t<div data-elementor-type=\"wp-page\" data-elementor-id=\"7947\" class=\"elementor elementor-7947\">\n\t\t\t\t\t\t<section class=\"elementor-section elementor-top-section elementor-element elementor-element-7d3e873 elementor-section-boxed elementor-section-height-default elementor-section-height-default\" data-id=\"7d3e873\" data-element_type=\"section\">\n\t\t\t\t\t\t<div class=\"elementor-container elementor-column-gap-default\">\n\t\t\t\t\t<div class=\"elementor-column elementor-col-100 elementor-top-column elementor-element elementor-element-552db72\" data-id=\"552db72\" data-element_type=\"column\">\n\t\t\t<div class=\"elementor-widget-wrap elementor-element-populated\">\n\t\t\t\t\t\t<div class=\"elementor-element elementor-element-144119d elementor-widget elementor-widget-hub_fancy_heading\" data-id=\"144119d\" data-element_type=\"widget\" data-widget_type=\"hub_fancy_heading.default\">\n\t\t\t\t<div class=\"elementor-widget-container\">\n\t\t\t\t\t\n\t\t<div id=\"ld-fancy-heading-69f26e000ad05\" class=\"ld-fancy-heading pos-rel\">\n\t\t\t<h6 class=\"ld-fh-element d-inline-block pos-rel  elementor-heading-title lqd-highlight-classic lqd-highlight-grow-left h6\"  > Wieso, Weshalb, Warum?<\/h6>\t\t<\/div>\n\n\t\t\t\t\t\t<\/div>\n\t\t\t\t<\/div>\n\t\t\t\t<div class=\"elementor-element elementor-element-f6fd356 elementor-widget elementor-widget-hub_fancy_heading\" data-id=\"f6fd356\" data-element_type=\"widget\" data-widget_type=\"hub_fancy_heading.default\">\n\t\t\t\t<div class=\"elementor-widget-container\">\n\t\t\t\t\t\n\t\t<div id=\"ld-fancy-heading-69f26e000b48b\" class=\"ld-fancy-heading pos-rel\">\n\t\t\t<h2 class=\"ld-fh-element d-inline-block pos-rel  elementor-heading-title lqd-highlight-classic lqd-highlight-grow-left h2\"  data-inview=\"true\" data-transition-delay=\"true\" data-delay-options=\"{&quot;elements&quot;:&quot;.lqd-highlight-inner&quot;,&quot;delayType&quot;:&quot;transition&quot;}\" > <mark class=\"lqd-highlight\"><span class=\"lqd-highlight-txt\"  >ABCDarium<\/span><span class=\"lqd-highlight-inner\"><\/span><\/mark><\/h2>\t\t<\/div>\n\n\t\t\t\t\t\t<\/div>\n\t\t\t\t<\/div>\n\t\t\t\t<section class=\"elementor-section elementor-inner-section elementor-element elementor-element-813f56c elementor-section-boxed elementor-section-height-default elementor-section-height-default\" data-id=\"813f56c\" data-element_type=\"section\">\n\t\t\t\t\t\t<div class=\"elementor-container elementor-column-gap-default\">\n\t\t\t\t\t<div class=\"elementor-column elementor-col-100 elementor-inner-column elementor-element elementor-element-1f3818d\" data-id=\"1f3818d\" data-element_type=\"column\">\n\t\t\t<div class=\"elementor-widget-wrap elementor-element-populated\">\n\t\t\t\t\t\t<div class=\"elementor-element elementor-element-1ee70d0 elementor-widget elementor-widget-hub_fancy_heading\" data-id=\"1ee70d0\" data-element_type=\"widget\" data-widget_type=\"hub_fancy_heading.default\">\n\t\t\t\t<div class=\"elementor-widget-container\">\n\t\t\t\t\t\n\t\t<div id=\"ld-fancy-heading-69f26e000bc16\" class=\"ld-fancy-heading pos-rel\">\n\t\t\t<p class=\"ld-fh-element d-inline-block pos-rel  lqd-highlight-classic lqd-highlight-grow-left p\"  > Liebe Eltern, Sorge- und Erziehungsberechtigte, liebes Team der Mendel-Grundschule.<\/p>\t\t<\/div>\n\n\t\t\t\t\t\t<\/div>\n\t\t\t\t<\/div>\n\t\t\t\t<div class=\"elementor-element elementor-element-18df363 elementor-widget elementor-widget-hub_fancy_heading\" data-id=\"18df363\" data-element_type=\"widget\" data-widget_type=\"hub_fancy_heading.default\">\n\t\t\t\t<div class=\"elementor-widget-container\">\n\t\t\t\t\t\n\t\t<div id=\"ld-fancy-heading-69f26e000c14c\" class=\"ld-fancy-heading pos-rel\">\n\t\t\t<p class=\"ld-fh-element d-inline-block pos-rel  lqd-highlight-classic lqd-highlight-grow-left p\"  > Dieses ABCDarium soll alle Menschen durch ihre Jahre in der MGS lotsen und als Leitfaden dienen.<\/p>\t\t<\/div>\n\n\t\t\t\t\t\t<\/div>\n\t\t\t\t<\/div>\n\t\t\t\t<div class=\"elementor-element elementor-element-c020fb8 elementor-widget elementor-widget-hub_fancy_heading\" data-id=\"c020fb8\" data-element_type=\"widget\" data-widget_type=\"hub_fancy_heading.default\">\n\t\t\t\t<div class=\"elementor-widget-container\">\n\t\t\t\t\t\n\t\t<div id=\"ld-fancy-heading-69f26e000c678\" class=\"ld-fancy-heading pos-rel\">\n\t\t\t<p class=\"ld-fh-element d-inline-block pos-rel  lqd-highlight-classic lqd-highlight-grow-left p\"  > Es ist ein Handbuch, Nachschlagewerk, Merkblatt und vielleicht auch Einschlafhilfe. Das ABCDarium wird in jedem Schuljahr \u00fcberarbeitet und erg\u00e4nzt. Daf\u00fcr ben\u00f6tigt es die Hilfe aller: Wenn etwas fehlt oder so nicht mehr stimmt, dann geben Sie Bescheid.<\/p>\t\t<\/div>\n\n\t\t\t\t\t\t<\/div>\n\t\t\t\t<\/div>\n\t\t\t\t<div class=\"elementor-element elementor-element-f206225 elementor-widget elementor-widget-hub_fancy_heading\" data-id=\"f206225\" data-element_type=\"widget\" data-widget_type=\"hub_fancy_heading.default\">\n\t\t\t\t<div class=\"elementor-widget-container\">\n\t\t\t\t\t\n\t\t<div id=\"ld-fancy-heading-69f26e000cbba\" class=\"ld-fancy-heading pos-rel\">\n\t\t\t<p class=\"ld-fh-element d-inline-block pos-rel  lqd-highlight-classic lqd-highlight-grow-left p\"  > Wie in einem ABCDarium typisch, so sind die Schlageworte auch hier alphabetisch sortiert. Das Register zu Beginn und das Organigramm am Ende gibt einen schnellen \u00dcberblick. \nEs gr\u00fc\u00dfen herzlich Schulleitung, GEV und F\u00f6rderverein<\/p>\t\t<\/div>\n\n\t\t\t\t\t\t<\/div>\n\t\t\t\t<\/div>\n\t\t\t\t\t<\/div>\n\t\t<\/div>\n\t\t\t\t\t<\/div>\n\t\t<\/section>\n\t\t\t\t\t<\/div>\n\t\t<\/div>\n\t\t\t\t\t<\/div>\n\t\t<\/section>\n\t\t<div class=\"elementor-element elementor-element-dd49e05 e-con-full e-flex e-con e-parent\" data-id=\"dd49e05\" data-element_type=\"container\">\n\t\t\t\t<div class=\"elementor-element elementor-element-bdffeff elementor-widget elementor-widget-shortcode\" data-id=\"bdffeff\" data-element_type=\"widget\" data-widget_type=\"shortcode.default\">\n\t\t\t\t<div class=\"elementor-widget-container\">\n\t\t\t\t\t\t\t<div class=\"elementor-shortcode\"><div class=\"real3dflipbook\" id=\"8_69f26e000d227\" style=\"position:absolute;\"><\/div><\/div>\n\t\t\t\t\t\t<\/div>\n\t\t\t\t<\/div>\n\t\t\t\t<\/div>\n\t\t\t\t<section class=\"elementor-section elementor-top-section elementor-element elementor-element-1a467675 elementor-hidden-desktop elementor-hidden-tablet elementor-hidden-mobile elementor-section-boxed elementor-section-height-default elementor-section-height-default\" data-id=\"1a467675\" data-element_type=\"section\">\n\t\t\t\t\t\t<div class=\"elementor-container elementor-column-gap-default\">\n\t\t\t\t\t<div class=\"lqd-css-sticky-column elementor-column elementor-col-33 elementor-top-column elementor-element elementor-element-7a55cfa5\" style=\"--lqd-sticky-offset:30px\" data-id=\"7a55cfa5\" data-element_type=\"column\">\n\t\t\t<div class=\"elementor-widget-wrap elementor-element-populated\">\n\t\t\t\t\t\t<div class=\"elementor-element elementor-element-69c59cb7 elementor-widget elementor-widget-ld_custom_menu\" data-id=\"69c59cb7\" data-element_type=\"widget\" data-widget_type=\"ld_custom_menu.default\">\n\t\t\t\t<div class=\"elementor-widget-container\">\n\t\t\t\t\t\n\t\t\t<div\t\t\t\tclass=\"lqd-fancy-menu lqd-custom-menu pos-rel menu-items-has-border lqd-menu-td-none\"\n\t\t\t\t\t\t\t>\n\t\t\t\n\t\t\t\t\t\t\t<ul class=\"reset-ul\" id=\"lqd-custom-menu-69c59cb7\"  data-localscroll=\"true\" data-localscroll-options=\"{&quot;itemsSelector&quot;:&quot;&gt; li &gt; a&quot;,&quot;trackWindowScroll&quot;:true,&quot;includeParentAsOffset&quot;:false,&quot;offsetElements&quot;:&quot;[data-sticky-header] .lqd-head-sec-wrap:not(.lqd-hide-onstuck), #wpadminbar, body.elementor-page .main-header[data-sticky-header] &gt; .elementor &gt; .elementor-section-wrap &gt; .elementor-section:not(.lqd-hide-onstuck):not(.lqd-stickybar-wrap), body.elementor-page .main-header[data-sticky-header] &gt; .elementor &gt; .elementor-section:not(.lqd-hide-onstuck):not(.lqd-stickybar-wrap), body.elementor-page .main-header[data-sticky-header] &gt; .elementor &gt; .e-con:not(.lqd-hide-onstuck):not(.lqd-stickybar-wrap)&quot;}\">\n\t\t\t\t\n\t\t\t\t\t\t<li>\n\t\t\t\t\t\t\t<a  href=\"#abholen\" target=\"_self\" >\n\n\t\t\t\t\t\t\t\t\t\t\t\t\t\t\t\t\t<span class=\"link-icon d-inline-flex hide-if-empty right-icon icon-push-to-edge\"><\/span>\n\t\t\t\t\t\t\t\t\n\t\t\t\t\t\t\t\t\t\t\t\t\t\t\t\t\tAbholen \/ Abmelden \/ Gehen nach Unterrichtsende\t\t\t\t\t\t\t\t\t\t\t\t\t\t\t\t\t\t\t\t\t\t\t<\/a>\n\t\t\t\t\t\t\t\t\t\t\t\t\t<\/li>\n\n\t\t\t\t\t\t\n\t\t\t\t\t\t<li>\n\t\t\t\t\t\t\t<a  href=\"#adresslisten\" target=\"_self\" >\n\n\t\t\t\t\t\t\t\t\t\t\t\t\t\t\t\t\t<span class=\"link-icon d-inline-flex hide-if-empty right-icon icon-push-to-edge\"><\/span>\n\t\t\t\t\t\t\t\t\n\t\t\t\t\t\t\t\t\t\t\t\t\t\t\t\t\tAdresslisten\t\t\t\t\t\t\t\t\t\t\t\t\t\t\t\t\t\t\t\t\t\t\t<\/a>\n\t\t\t\t\t\t\t\t\t\t\t\t\t<\/li>\n\n\t\t\t\t\t\t\n\t\t\t\t\t\t<li>\n\t\t\t\t\t\t\t<a  href=\"#altersmischung\" target=\"_self\" >\n\n\t\t\t\t\t\t\t\t\t\t\t\t\t\t\t\t\t<span class=\"link-icon d-inline-flex hide-if-empty right-icon icon-push-to-edge\"><\/span>\n\t\t\t\t\t\t\t\t\n\t\t\t\t\t\t\t\t\t\t\t\t\t\t\t\t\tAltersmischung\t\t\t\t\t\t\t\t\t\t\t\t\t\t\t\t\t\t\t\t\t\t\t<\/a>\n\t\t\t\t\t\t\t\t\t\t\t\t\t<\/li>\n\n\t\t\t\t\t\t\n\t\t\t\t\t\t<li>\n\t\t\t\t\t\t\t<a  href=\"#shipping\" target=\"_self\" >\n\n\t\t\t\t\t\t\t\t\t\t\t\t\t\t\t\t\t<span class=\"link-icon d-inline-flex hide-if-empty right-icon icon-push-to-edge\"><\/span>\n\t\t\t\t\t\t\t\t\n\t\t\t\t\t\t\t\t\t\t\t\t\t\t\t\t\tAngebote \/ Arbeitsgemeinschaften\t\t\t\t\t\t\t\t\t\t\t\t\t\t\t\t\t\t\t\t\t\t\t<\/a>\n\t\t\t\t\t\t\t\t\t\t\t\t\t<\/li>\n\n\t\t\t\t\t\t\n\t\t\t\t\t\t<li>\n\t\t\t\t\t\t\t<a  href=\"#return\" target=\"_self\" >\n\n\t\t\t\t\t\t\t\t\t\t\t\t\t\t\t\t\t<span class=\"link-icon d-inline-flex hide-if-empty right-icon icon-push-to-edge\"><\/span>\n\t\t\t\t\t\t\t\t\n\t\t\t\t\t\t\t\t\t\t\t\t\t\t\t\t\tAnkommen\/ Bringen\t\t\t\t\t\t\t\t\t\t\t\t\t\t\t\t\t\t\t\t\t\t\t<\/a>\n\t\t\t\t\t\t\t\t\t\t\t\t\t<\/li>\n\n\t\t\t\t\t\t\n\t\t\t\t\t\t<li>\n\t\t\t\t\t\t\t<a  href=\"#payment\" target=\"_self\" >\n\n\t\t\t\t\t\t\t\t\t\t\t\t\t\t\t\t\t<span class=\"link-icon d-inline-flex hide-if-empty right-icon icon-push-to-edge\"><\/span>\n\t\t\t\t\t\t\t\t\n\t\t\t\t\t\t\t\t\t\t\t\t\t\t\t\t\tAula\t\t\t\t\t\t\t\t\t\t\t\t\t\t\t\t\t\t\t\t\t\t\t<\/a>\n\t\t\t\t\t\t\t\t\t\t\t\t\t<\/li>\n\n\t\t\t\t\t\t\t\t\t\t<\/ul>\n\t\t\t\t\t\t\t\t\t<\/div>\n\t\t\t\t\t\t<\/div>\n\t\t\t\t<\/div>\n\t\t\t\t\t<\/div>\n\t\t<\/div>\n\t\t\t\t<div class=\"elementor-column elementor-col-66 elementor-top-column elementor-element elementor-element-303a4942\" data-id=\"303a4942\" data-element_type=\"column\">\n\t\t\t<div class=\"elementor-widget-wrap elementor-element-populated\">\n\t\t\t\t\t\t<div class=\"elementor-element elementor-element-2c365821 elementor-widget elementor-widget-hub_fancy_heading\" data-id=\"2c365821\" data-element_type=\"widget\" id=\"abholen\" data-widget_type=\"hub_fancy_heading.default\">\n\t\t\t\t<div class=\"elementor-widget-container\">\n\t\t\t\t\t\n\t\t<div id=\"ld-fancy-heading-69f26e00123a5\" class=\"ld-fancy-heading pos-rel\">\n\t\t\t<h2 class=\"ld-fh-element d-inline-block pos-rel  elementor-heading-title lqd-highlight-classic lqd-highlight-grow-left h2\"  > Abholen \/ Abmelden \/ Gehen nach Unterrichtsende<\/h2>\t\t<\/div>\n\n\t\t\t\t\t\t<\/div>\n\t\t\t\t<\/div>\n\t\t\t\t<div class=\"elementor-element elementor-element-59e66bb elementor-widget elementor-widget-hub_fancy_heading\" data-id=\"59e66bb\" data-element_type=\"widget\" data-widget_type=\"hub_fancy_heading.default\">\n\t\t\t\t<div class=\"elementor-widget-container\">\n\t\t\t\t\t\n\t\t<div id=\"ld-fancy-heading-69f26e0012971\" class=\"ld-fancy-heading pos-rel\">\n\t\t\t<p class=\"ld-fh-element d-inline-block pos-rel  lqd-highlight-classic lqd-highlight-grow-left p\"  > Wer das Schulgel\u00e4nde morgens betritt, bleibt bis zum Unterrichts- bzw. Betreuungsende in der MGS. Unterrichtsausfall und Vertretungsstunden werden auf dem Bildschirm im Foyer bekannt gegeben. Im Zuge der verl\u00e4sslichen Grundschule werden alle Kinder bei Unterrichtsausfall bis 13:30 Uhr betreut (Kinder mit Hortvertrag auch dar\u00fcber hinaus). Kinder ab Klasse 5 d\u00fcrfen mit schriftlicher Einwilligung der Eltern (Abfrage dazu am Schuljahresanfang) bei Unterrichtsausfall auch vor 13:30 Uhr nach Hause gehen. Die Vollmacht der Eltern umfasst, ob und wann das Kind selbstst\u00e4ndig die Schule bzw. den Hort verlassen darf. Diese Vollmacht kann entweder als Dauervollmacht ausgestellt werden oder man nutzt das Hausaufgabenheft, um f\u00fcr die entsprechenden Tage eine Berechtigung auszusprechen.<br><br>\nDamit das Kind auch von anderen Personen als den Sorgeberechtigten abgeholt werden kann, bedarf es einer Vollmacht durch die Sorgeberechtigten, die schriftlich in der Schule abzugeben ist. Auch hier kann eine Dauervollmacht ausgestellt werden beim Hort.<\/p>\t\t<\/div>\n\n\t\t\t\t\t\t<\/div>\n\t\t\t\t<\/div>\n\t\t\t\t<div class=\"elementor-element elementor-element-5cbbfa30 elementor-widget-divider--view-line elementor-widget elementor-widget-divider\" data-id=\"5cbbfa30\" data-element_type=\"widget\" data-widget_type=\"divider.default\">\n\t\t\t\t<div class=\"elementor-widget-container\">\n\t\t\t\t\t\t\t<div class=\"elementor-divider\">\n\t\t\t<span class=\"elementor-divider-separator\">\n\t\t\t\t\t\t<\/span>\n\t\t<\/div>\n\t\t\t\t\t\t<\/div>\n\t\t\t\t<\/div>\n\t\t\t\t<div class=\"elementor-element elementor-element-320de6b0 elementor-widget elementor-widget-hub_fancy_heading\" data-id=\"320de6b0\" data-element_type=\"widget\" id=\"Adresslisten\" data-widget_type=\"hub_fancy_heading.default\">\n\t\t\t\t<div class=\"elementor-widget-container\">\n\t\t\t\t\t\n\t\t<div id=\"ld-fancy-heading-69f26e0012f23\" class=\"ld-fancy-heading pos-rel\">\n\t\t\t<h2 class=\"ld-fh-element d-inline-block pos-rel  elementor-heading-title lqd-highlight-classic lqd-highlight-grow-left h2\"  > Adresslisten<\/h2>\t\t<\/div>\n\n\t\t\t\t\t\t<\/div>\n\t\t\t\t<\/div>\n\t\t\t\t<div class=\"elementor-element elementor-element-a946277 elementor-widget elementor-widget-hub_fancy_heading\" data-id=\"a946277\" data-element_type=\"widget\" data-widget_type=\"hub_fancy_heading.default\">\n\t\t\t\t<div class=\"elementor-widget-container\">\n\t\t\t\t\t\n\t\t<div id=\"ld-fancy-heading-69f26e0013498\" class=\"ld-fancy-heading pos-rel\">\n\t\t\t<p class=\"ld-fh-element d-inline-block pos-rel  lqd-highlight-classic lqd-highlight-grow-left p\"  > Alle p\u00e4dagogischen Mitarbeitenden haben feste Schuladressen, \u00fcber die sie erreicht werden k\u00f6nnen. Diese Listen werden immer in der ersten GEV an das Protokoll geh\u00e4ngt. Sollten Sie einmal die aktuelle Liste nicht zur Hand haben, k\u00f6nnen Sie immer eine Email an das Sekretariat schicken. sekretariat@mendel.schule.berlin.de<\/p>\t\t<\/div>\n\n\t\t\t\t\t\t<\/div>\n\t\t\t\t<\/div>\n\t\t\t\t<div class=\"elementor-element elementor-element-2cc803 elementor-widget-divider--view-line elementor-widget elementor-widget-divider\" data-id=\"2cc803\" data-element_type=\"widget\" data-widget_type=\"divider.default\">\n\t\t\t\t<div class=\"elementor-widget-container\">\n\t\t\t\t\t\t\t<div class=\"elementor-divider\">\n\t\t\t<span class=\"elementor-divider-separator\">\n\t\t\t\t\t\t<\/span>\n\t\t<\/div>\n\t\t\t\t\t\t<\/div>\n\t\t\t\t<\/div>\n\t\t\t\t<div class=\"elementor-element elementor-element-4ad0c52d elementor-widget elementor-widget-hub_fancy_heading\" data-id=\"4ad0c52d\" data-element_type=\"widget\" id=\"Altersmischung\" data-widget_type=\"hub_fancy_heading.default\">\n\t\t\t\t<div class=\"elementor-widget-container\">\n\t\t\t\t\t\n\t\t<div id=\"ld-fancy-heading-69f26e00139d3\" class=\"ld-fancy-heading pos-rel\">\n\t\t\t<h2 class=\"ld-fh-element d-inline-block pos-rel  elementor-heading-title lqd-highlight-classic lqd-highlight-grow-left h2\"  > Altersmischung<\/h2>\t\t<\/div>\n\n\t\t\t\t\t\t<\/div>\n\t\t\t\t<\/div>\n\t\t\t\t<div class=\"elementor-element elementor-element-c64bd73 elementor-widget elementor-widget-hub_fancy_heading\" data-id=\"c64bd73\" data-element_type=\"widget\" data-widget_type=\"hub_fancy_heading.default\">\n\t\t\t\t<div class=\"elementor-widget-container\">\n\t\t\t\t\t\n\t\t<div id=\"ld-fancy-heading-69f26e0013ed2\" class=\"ld-fancy-heading pos-rel\">\n\t\t\t<p class=\"ld-fh-element d-inline-block pos-rel  lqd-highlight-classic lqd-highlight-grow-left p\"  > In der Mendel-Grundschule werden die Kinder der 1. und 2. Klassen entweder gemeinsam in jahrgangsgemischten Gruppen oder in einer altershomogenen Klasse unterrichtet. Es existieren zurzeit sechs jahrgangsgemischte Saph- und je eine jahrgangshomogene 1. und 2. Klasse mit bis zu 26 Sch\u00fcler*innen. Obwohl beide Klassenformen unterrichtsorganisatorische Unterschiede aufweisen, sind die wesentlichen Lern- und Lehrelemente gleich.<\/p>\t\t<\/div>\n\n\t\t\t\t\t\t<\/div>\n\t\t\t\t<\/div>\n\t\t\t\t\t<\/div>\n\t\t<\/div>\n\t\t\t\t\t<\/div>\n\t\t<\/section>\n\t\t\t\t<\/div>\n\t\t","protected":false},"excerpt":{"rendered":"<p>Wieso, Weshalb, Warum? ABCDarium Liebe Eltern, Sorge- und Erziehungsberechtigte, liebes Team der Mendel-Grundschule. Dieses ABCDarium soll alle Menschen durch ihre Jahre in der MGS lotsen und als Leitfaden dienen. Es ist ein Handbuch, Nachschlagewerk, Merkblatt und vielleicht auch Einschlafhilfe. Das ABCDarium wird in jedem Schuljahr \u00fcberarbeitet und erg\u00e4nzt. Daf\u00fcr ben\u00f6tigt es die Hilfe aller: Wenn [&hellip;]<\/p>\n","protected":false},"author":1,"featured_media":0,"parent":0,"menu_order":28,"comment_status":"closed","ping_status":"closed","template":"","meta":{"footnotes":""},"class_list":["post-7947","page","type-page","status-publish","hentry"],"_links":{"self":[{"href":"https:\/\/www.wir-machen-schule.digital\/0\/mgs\/wp-json\/wp\/v2\/pages\/7947","targetHints":{"allow":["GET"]}}],"collection":[{"href":"https:\/\/www.wir-machen-schule.digital\/0\/mgs\/wp-json\/wp\/v2\/pages"}],"about":[{"href":"https:\/\/www.wir-machen-schule.digital\/0\/mgs\/wp-json\/wp\/v2\/types\/page"}],"author":[{"embeddable":true,"href":"https:\/\/www.wir-machen-schule.digital\/0\/mgs\/wp-json\/wp\/v2\/users\/1"}],"replies":[{"embeddable":true,"href":"https:\/\/www.wir-machen-schule.digital\/0\/mgs\/wp-json\/wp\/v2\/comments?post=7947"}],"version-history":[{"count":43,"href":"https:\/\/www.wir-machen-schule.digital\/0\/mgs\/wp-json\/wp\/v2\/pages\/7947\/revisions"}],"predecessor-version":[{"id":9304,"href":"https:\/\/www.wir-machen-schule.digital\/0\/mgs\/wp-json\/wp\/v2\/pages\/7947\/revisions\/9304"}],"wp:attachment":[{"href":"https:\/\/www.wir-machen-schule.digital\/0\/mgs\/wp-json\/wp\/v2\/media?parent=7947"}],"curies":[{"name":"wp","href":"https:\/\/api.w.org\/{rel}","templated":true}]}}